{"id":984,"date":"2023-04-04T14:27:56","date_gmt":"2023-04-04T12:27:56","guid":{"rendered":"https:\/\/esteticon.com\/grajewo\/?page_id=984"},"modified":"2026-04-07T11:20:53","modified_gmt":"2026-04-07T09:20:53","slug":"rodo","status":"publish","type":"page","link":"https:\/\/esteticon.com\/grajewo\/rodo\/","title":{"rendered":"RODO"},"content":{"rendered":"<article class=\"content-wrapper\" style=\"margin: 0 auto;\">\n<h1 style=\"text-align: center;\">Obowi\u0105zek informacyjny RODO<\/h1>\n<p>Poni\u017csza informacja stanowi zwi\u0119z\u0142y, zrozumia\u0142y i przejrzysty skr\u00f3t informacji zamieszczonych w <a href=\"https:\/\/esteticon.com\/grajewo\/polityka-prywatnosci\/\">Polityce Prywatno\u015bci<\/a> odno\u015bnie Administratora danych, celu i sposobu przetwarzania danych osobowych oraz Twoich praw w zwi\u0105zku z tym przetwarzaniem, w formie wymaganej do spe\u0142nienia obowi\u0105zku informacyjnego RODO. Szczeg\u00f3\u0142y dotycz\u0105ce sposobu przetwarzania i podmiot\u00f3w uczestnicz\u0105cych w tym procesie dost\u0119pne s\u0105 we wskazanej polityce.<\/p>\n<h2>Kto jest administratorem danych?<\/h2>\n<p>Administratorem Danych Osobowych (dalej Administrator) jest firma &#8222;INSTYTUT ZDROWIA I URODY ESTETICON LEO\u0143CZYK SP\u00d3\u0141KA JAWNA&#8221;, prowadz\u0105ca dzia\u0142alno\u015b\u0107 pod adresem: Os. Po\u0142udnie 9, 19-200 Grajewo, Polska, o nadanym numerze identyfikacji podatkowej (NIP): 7191567453, o nadanym numerze KRS: 0000554197, \u015bwiadcz\u0105ca us\u0142ugi drog\u0105 elektroniczn\u0105 za po\u015brednictwem Serwisu<\/p>\n<h2>Jak mo\u017cna skontaktowa\u0107 si\u0119 z administratorem danych?<\/h2>\n<p>Z Administratorem mo\u017cna skontaktowa\u0107 si\u0119 w jeden z poni\u017cszych sposob\u00f3w<\/p>\n<ul>\n<li><strong>Adres pocztowy<\/strong> &#8211; INSTYTUT ZDROWIA I URODY ESTETICON LEO\u0143CZYK SP\u00d3\u0141KA JAWNA, Os. Po\u0142udnie 9, 19-200 Grajewo, Polska<\/li>\n<li><strong>Adres poczty elektronicznej<\/strong> &#8211; medycynaestetyczna@esteticon.com<\/li>\n<li><strong>Po\u0142\u0105czenie telefoniczne<\/strong> &#8211; +48 883 733 933<\/li>\n<li><strong>Formularz kontaktowy<\/strong> &#8211; dost\u0119pny pod adresem: \/kontakt<\/li>\n<\/ul>\n<h2>Czy Administrator powo\u0142a\u0142 Inspektora Danych Osobowych?<\/h2>\n<p>Na podstawie Art. 37 RODO, Administrator nie powo\u0142a\u0142 Inspektora Ochrony Danych.<\/p>\n<p>W sprawach dotycz\u0105cych przetwarzania danych, w tym danych osobowych, nale\u017cy kontaktowa\u0107 si\u0119 bezpo\u015brednio z Administratorem.<\/p>\n<h2>Sk\u0105d pozyskujemy dane osobowe i jakie s\u0105 ich \u017ar\u00f3d\u0142a?<\/h2>\n<p>Dane pozyskiwane s\u0105 z nast\u0119puj\u0105cych \u017ar\u00f3de\u0142:<\/p>\n<ul>\n<li>od os\u00f3b, kt\u00f3rych dane dotycz\u0105<\/li>\n<li>w przypadku rejestracji przy u\u017cyciu portali spo\u0142eczno\u015bciowych, za wyra\u017con\u0105 \u015bwiadom\u0105 zgod\u0105 tych os\u00f3b, z tych portali spo\u0142eczno\u015bciowych<\/li>\n<\/ul>\n<h2>Jaki jest zakres przetwarzanych przez nas danych osobowych?<\/h2>\n<p>W serwisie przetwarzane s\u0105 <strong>dane osobowe zwyk\u0142e<\/strong>, podane dobrowolnie przez osoby, kt\u00f3rych dotycz\u0105<br \/>\n<small>(Np. imi\u0119 i nazwisko, login, adres e-mail, telefon, adres IP, itp.)<\/small><\/p>\n<p>Szczeg\u00f3\u0142owy zakres przetwarzanych danych dost\u0119pny jest w <a href=\"https:\/\/esteticon.com\/grajewo\/polityka-prywatnosci\/\">Polityce Prywatno\u015bci<\/a>.<\/p>\n<h2>Jakie s\u0105 cele przetwarzania przez nas danych?<\/h2>\n<p>Dane osobowe dobrowolnie podane przez U\u017cytkownik\u00f3w s\u0105 przetwarzane w jednym z nast\u0119puj\u0105cych cel\u00f3w:<\/p>\n<ul>\n<li>Realizacji us\u0142ug elektronicznych:\n<ul>\n<li>Us\u0142ugi rejestracji i utrzymania konta U\u017cytkownika w Serwisie i funkcjonalno\u015bci z nim zwi\u0105zanych<\/li>\n<li>Us\u0142ugi Newslettera (w tym przesy\u0142ania za zgod\u0105 tre\u015bci reklamowych)<\/li>\n<li>Us\u0142ugi komentowania \/ polubienia wpis\u00f3w w Serwisie bez konieczno\u015bci rejestrowania si\u0119<\/li>\n<\/ul>\n<\/li>\n<li>Komunikacji Administratora z U\u017cytkownikami w sprawach zwi\u0105zanych z Serwisem oraz ochrony danych<\/li>\n<li>Zapewnienia prawnie uzasadnionego interesu Administratora<\/li>\n<\/ul>\n<h2>Jakie s\u0105 podstawy prawne przetwarzania danych?<\/h2>\n<p>Serwis gromadzi i przetwarza dane U\u017cytkownik\u00f3w na podstawie:<\/p>\n<ul>\n<li>Rozporz\u0105dzenia Parlamentu Europejskiego i Rady (UE) 2016\/679 z dnia 27 kwietnia 2016 r. w sprawie ochrony os\u00f3b fizycznych w zwi\u0105zku z przetwarzaniem danych osobowych i w sprawie swobodnego przep\u0142ywu takich danych oraz uchylenia dyrektywy 95\/46\/WE (og\u00f3lne rozporz\u0105dzenie o ochronie danych)\n<ul>\n<li>art. 6 ust. 1 lit. a<br \/>\n<small>osoba, kt\u00f3rej dane dotycz\u0105 wyrazi\u0142a zgod\u0119 na przetwarzanie swoich danych osobowych w jednym lub wi\u0119kszej liczbie okre\u015blonych cel\u00f3w<\/small><\/li>\n<li>art. 6 ust. 1 lit. b<br \/>\n<small>przetwarzanie jest niezb\u0119dne do wykonania umowy, kt\u00f3rej stron\u0105 jest osoba, kt\u00f3rej dane dotycz\u0105, lub do podj\u0119cia dzia\u0142a\u0144 na \u017c\u0105danie osoby, kt\u00f3rej dane dotycz\u0105, przed zawarciem umowy<\/small><\/li>\n<li>art. 6 ust. 1 lit. f<br \/>\n<small>przetwarzanie jest niezb\u0119dne do cel\u00f3w wynikaj\u0105cych z prawnie uzasadnionych interes\u00f3w realizowanych przez administratora lub przez stron\u0119 trzeci\u0105<\/small><\/li>\n<\/ul>\n<\/li>\n<li>Ustawa z dnia 10 maja 2018 r. o ochronie danych osobowych (Dz.U. 2018 poz. 1000)<\/li>\n<li>Ustawa z dnia 16 lipca 2004 r. Prawo telekomunikacyjne (Dz.U. 2004 nr 171 poz. 1800)<\/li>\n<li>Ustawa z dnia 4 lutego 1994 r. o prawie autorskim i prawach pokrewnych (Dz. U. 1994 Nr 24 poz. 83)<\/li>\n<\/ul>\n<h2>Jaki jest prawnie uzasadniony interes realizowany przez Administratora?<\/h2>\n<ul>\n<li>W celu ewentualnego ustalenia, dochodzenia lub obrony przed roszczeniami \u2013 podstaw\u0105 prawn\u0105 przetwarzania jest nasz uzasadniony interes (art. 6 ust. 1 lit. f) RODO) polegaj\u0105cy na ochronie naszych praw, w tym mi\u0119dzy innymi;<\/li>\n<li>W celu oceny ryzyka potencjalnych klient\u00f3w<\/li>\n<li>W celu oceny planowanych kampanii marketingowych<\/li>\n<li>W celu realizacji marketingu bezpo\u015bredniego<\/li>\n<\/ul>\n<h2>Przez jaki okres przetwarzamy dane osobowe?<\/h2>\n<p>Co do zasady, wskazane dane osobowe s\u0105 przechowywane wy\u0142\u0105cznie przez okres \u015bwiadczenia us\u0142ugi w ramach prowadzonego serwisu przez Administratora. S\u0105 one usuwane lub anonimizowane w okresie do <strong>30 dni od chwili zako\u0144czenia \u015bwiadczenia us\u0142ug<\/strong> (np. usuni\u0119cie zarejestrowanego konta u\u017cytkownika, wypisanie z listy Newsletter, itp.)<\/p>\n<p>W wyj\u0105tkowych sytuacjach, w celu zabezpieczenie prawnie uzasadnionego interesu realizowanego przez Administratora, okres ten mo\u017ce ulec wyd\u0142u\u017ceniu. W takiej sytuacji Administrator b\u0119dzie przechowywa\u0142 wskazane dane, od czasu \u017c\u0105dania ich usuni\u0119cia przez U\u017cytkownika, nie d\u0142u\u017cej ni\u017c przez okres 3 lat w przypadku naruszenia lub podejrzenia naruszenia zapis\u00f3w regulaminu serwisu przez osob\u0119, kt\u00f3rej dane dotycz\u0105.<\/p>\n<h2>Kto jest odbiorc\u0105 danych w tym danych osobowych?<\/h2>\n<p>Co do zasady jedynym odbiorc\u0105 danych jest Administrator.<\/p>\n<p>Przetwarzanie danych mo\u017ce jednak by\u0107 powierzone innym podmiotom, realizuj\u0105cym us\u0142ugi na rzecz Administratora w celu utrzymania dzia\u0142alno\u015bci Serwisu.<\/p>\n<p>Do podmiot\u00f3w takich mo\u017cna zaliczy\u0107 mi\u0119dzy innymi:<\/p>\n<ul>\n<li>Firmy hostingowe, \u015bwiadcz\u0105ce us\u0142ugi hostingu lub us\u0142ug pokrewnych dla Administratora<\/li>\n<li>Firmy, za po\u015brednictwem kt\u00f3rych \u015bwiadczona jest us\u0142uga Newslettera<\/li>\n<li>Firmy serwisowe i wsparcia IT dokonuj\u0105ce konserwacji lub odpowiedzialne za utrzymanie infrastruktury IT<\/li>\n<\/ul>\n<h2>Czy Pa\u0144stwa dane osobowe b\u0119d\u0105 przekazywane poza Uni\u0119 Europejsk\u0105?<\/h2>\n<p>Dane osobowe <strong>nie b\u0119d\u0105 przekazywane poza Uni\u0119 Europejsk\u0105<\/strong>, chyba \u017ce zosta\u0142y opublikowane na skutek indywidualnego dzia\u0142ania U\u017cytkownika (np. wprowadzenie komentarza lub wpisu), co sprawi, \u017ce dane b\u0119d\u0105 dost\u0119pne dla ka\u017cdej osoby odwiedzaj\u0105cej serwis.<\/p>\n<h2>Czy dane osobowe b\u0119d\u0105 podstaw\u0105 zautomatyzowanego podejmowania decyzji?<\/h2>\n<p>Dane osobowe <strong>nie b\u0119d\u0105 wykorzystywane<\/strong> do zautomatyzowanego podejmowania decyzji (profilowania).<\/p>\n<h2>Jakie maj\u0105 Pa\u0144stwo prawa zwi\u0105zane z przetwarzaniem danych osobowych?<\/h2>\n<ul>\n<li><strong>Prawo dost\u0119pu do danych osobowych<\/strong><br \/>\nU\u017cytkownikom przys\u0142uguje prawo uzyskania dost\u0119pu do swoich danych osobowych, realizowane na \u017c\u0105danie z\u0142o\u017cone do Administratora<\/li>\n<li><strong>Prawo do sprostowania danych osobowych<\/strong><br \/>\nU\u017cytkownikom przys\u0142uguje prawo \u017c\u0105dania od Administratora niezw\u0142ocznego sprostowania danych osobowych, kt\u00f3re s\u0105 nieprawid\u0142owe lub \/ oraz uzupe\u0142nienia niekompletnych danych osobowych, realizowane na \u017c\u0105danie z\u0142o\u017cone do Administratora<\/li>\n<li><strong>Prawo do usuni\u0119cia danych osobowych<\/strong><br \/>\nU\u017cytkownikom przys\u0142uguje prawo \u017c\u0105dania od Administratora niezw\u0142ocznego usuni\u0119cia danych osobowych, realizowane na \u017c\u0105danie z\u0142o\u017cone do Administratora.W przypadku kont u\u017cytkownik\u00f3w, usuni\u0119cie danych polega na anonimizacji danych umo\u017cliwiaj\u0105cych identyfikacj\u0119 U\u017cytkownika.<\/p>\n<p>W przypadku us\u0142ugi Newsletter, U\u017cytkownik ma mo\u017cliwo\u015b\u0107 samodzielnego usuni\u0119cia swoich danych osobowych korzystaj\u0105c z odno\u015bnika umieszczonego w ka\u017cdej przesy\u0142anej wiadomo\u015bci e-mail.<\/li>\n<li><strong>Prawo do ograniczenia przetwarzania danych osobowych<\/strong><br \/>\nU\u017cytkownikom przys\u0142uguje prawo ograniczenia przetwarzania danych osobowych w przypadkach wskazanych w art. 18 RODO, m.in. kwestionowania prawid\u0142owo\u015b\u0107 danych osobowych, realizowane na \u017c\u0105danie z\u0142o\u017cone do Administratora<\/li>\n<li><strong>Prawo do przenoszenia danych osobowych<\/strong><br \/>\nU\u017cytkownikom przys\u0142uguje prawo uzyskania od Administratora, danych osobowych dotycz\u0105cych U\u017cytkownika w ustrukturyzowanym, powszechnie u\u017cywanym formacie nadaj\u0105cym si\u0119 do odczytu maszynowego, realizowane na \u017c\u0105danie z\u0142o\u017cone do Administratora<\/li>\n<li><strong>Prawo wniesienia sprzeciwu wobec przetwarzania danych osobowych<\/strong><br \/>\nU\u017cytkownikom przys\u0142uguje prawo wniesienia sprzeciwu wobec przetwarzania jego danych osobowych w przypadkach okre\u015blonych w art. 21 RODO, realizowane na \u017c\u0105danie z\u0142o\u017cone do Administratora<\/li>\n<li><strong>Prawo wniesienia skargi<\/strong><br \/>\nU\u017cytkownikom przys\u0142uguje prawo wniesienia skargi do organu nadzorczego zajmuj\u0105cego si\u0119 ochron\u0105 danych osobowych.<\/li>\n<\/ul>\n<\/article>\n","protected":false},"excerpt":{"rendered":"<p>Obowi\u0105zek informacyjny RODO Poni\u017csza informacja stanowi zwi\u0119z\u0142y, zrozumia\u0142y i przejrzysty skr\u00f3t informacji zamieszczonych w Polityce Prywatno\u015bci odno\u015bnie Administratora danych, celu i sposobu przetwarzania danych osobowych oraz Twoich praw w zwi\u0105zku z tym przetwarzaniem, w formie wymaganej do spe\u0142nienia obowi\u0105zku informacyjnego RODO. Szczeg\u00f3\u0142y dotycz\u0105ce sposobu przetwarzania i podmiot\u00f3w uczestnicz\u0105cych w tym procesie dost\u0119pne s\u0105 we wskazanej [&hellip;]<\/p>\n","protected":false},"author":4,"featured_media":0,"parent":0,"menu_order":0,"comment_status":"closed","ping_status":"closed","template":"","meta":{"_acf_changed":false,"footnotes":""},"class_list":["post-984","page","type-page","status-publish","hentry"],"acf":[],"yoast_head":"<!-- This site is optimized with the Yoast SEO plugin v27.3 - https:\/\/yoast.com\/product\/yoast-seo-wordpress\/ -->\n<title>RODO - Esteticon Grajewo<\/title>\n<meta name=\"robots\" content=\"index, follow, max-snippet:-1, max-image-preview:large, max-video-preview:-1\" \/>\n<link rel=\"canonical\" href=\"https:\/\/esteticon.com\/grajewo\/rodo\/\" \/>\n<meta property=\"og:locale\" content=\"pl_PL\" \/>\n<meta property=\"og:type\" content=\"article\" \/>\n<meta property=\"og:title\" content=\"RODO - Esteticon Grajewo\" \/>\n<meta property=\"og:description\" content=\"Obowi\u0105zek informacyjny RODO Poni\u017csza informacja stanowi zwi\u0119z\u0142y, zrozumia\u0142y i przejrzysty skr\u00f3t informacji zamieszczonych w Polityce Prywatno\u015bci odno\u015bnie Administratora danych, celu i sposobu przetwarzania danych osobowych oraz Twoich praw w zwi\u0105zku z tym przetwarzaniem, w formie wymaganej do spe\u0142nienia obowi\u0105zku informacyjnego RODO. Szczeg\u00f3\u0142y dotycz\u0105ce sposobu przetwarzania i podmiot\u00f3w uczestnicz\u0105cych w tym procesie dost\u0119pne s\u0105 we wskazanej [&hellip;]\" \/>\n<meta property=\"og:url\" content=\"https:\/\/esteticon.com\/grajewo\/rodo\/\" \/>\n<meta property=\"og:site_name\" content=\"Esteticon Grajewo\" \/>\n<meta property=\"article:modified_time\" content=\"2026-04-07T09:20:53+00:00\" \/>\n<meta property=\"og:image\" content=\"https:\/\/esteticon.com\/grajewo\/wp-content\/uploads\/sites\/4\/2023\/04\/005_stona-glowna_230223.webp\" \/>\n\t<meta property=\"og:image:width\" content=\"1635\" \/>\n\t<meta property=\"og:image:height\" content=\"1226\" \/>\n\t<meta property=\"og:image:type\" content=\"image\/webp\" \/>\n<meta name=\"twitter:card\" content=\"summary_large_image\" \/>\n<meta name=\"twitter:label1\" content=\"Szacowany czas czytania\" \/>\n\t<meta name=\"twitter:data1\" content=\"7 minut\" \/>\n<script type=\"application\/ld+json\" class=\"yoast-schema-graph\">{\"@context\":\"https:\\\/\\\/schema.org\",\"@graph\":[{\"@type\":\"WebPage\",\"@id\":\"https:\\\/\\\/esteticon.com\\\/grajewo\\\/rodo\\\/\",\"url\":\"https:\\\/\\\/esteticon.com\\\/grajewo\\\/rodo\\\/\",\"name\":\"RODO - Esteticon Grajewo\",\"isPartOf\":{\"@id\":\"https:\\\/\\\/esteticon.com\\\/grajewo\\\/#website\"},\"datePublished\":\"2023-04-04T12:27:56+00:00\",\"dateModified\":\"2026-04-07T09:20:53+00:00\",\"breadcrumb\":{\"@id\":\"https:\\\/\\\/esteticon.com\\\/grajewo\\\/rodo\\\/#breadcrumb\"},\"inLanguage\":\"pl-PL\",\"potentialAction\":[{\"@type\":\"ReadAction\",\"target\":[\"https:\\\/\\\/esteticon.com\\\/grajewo\\\/rodo\\\/\"]}]},{\"@type\":\"BreadcrumbList\",\"@id\":\"https:\\\/\\\/esteticon.com\\\/grajewo\\\/rodo\\\/#breadcrumb\",\"itemListElement\":[{\"@type\":\"ListItem\",\"position\":1,\"name\":\"Strona g\u0142\u00f3wna\",\"item\":\"https:\\\/\\\/esteticon.com\\\/grajewo\\\/\"},{\"@type\":\"ListItem\",\"position\":2,\"name\":\"RODO\"}]},{\"@type\":\"WebSite\",\"@id\":\"https:\\\/\\\/esteticon.com\\\/grajewo\\\/#website\",\"url\":\"https:\\\/\\\/esteticon.com\\\/grajewo\\\/\",\"name\":\"Esteticon Grajewo\",\"description\":\"Esteticon Grajewo to Tw\u00f3j ekspert od pi\u0119knego u\u015bmiechu i zdrowej sk\u00f3ry.\",\"publisher\":{\"@id\":\"https:\\\/\\\/esteticon.com\\\/grajewo\\\/#organization\"},\"potentialAction\":[{\"@type\":\"SearchAction\",\"target\":{\"@type\":\"EntryPoint\",\"urlTemplate\":\"https:\\\/\\\/esteticon.com\\\/grajewo\\\/?s={search_term_string}\"},\"query-input\":{\"@type\":\"PropertyValueSpecification\",\"valueRequired\":true,\"valueName\":\"search_term_string\"}}],\"inLanguage\":\"pl-PL\"},{\"@type\":\"Organization\",\"@id\":\"https:\\\/\\\/esteticon.com\\\/grajewo\\\/#organization\",\"name\":\"Esteticon Grajewo\",\"url\":\"https:\\\/\\\/esteticon.com\\\/grajewo\\\/\",\"logo\":{\"@type\":\"ImageObject\",\"inLanguage\":\"pl-PL\",\"@id\":\"https:\\\/\\\/esteticon.com\\\/grajewo\\\/#\\\/schema\\\/logo\\\/image\\\/\",\"url\":\"https:\\\/\\\/esteticon.com\\\/grajewo\\\/wp-content\\\/uploads\\\/sites\\\/4\\\/2026\\\/02\\\/logo.webp\",\"contentUrl\":\"https:\\\/\\\/esteticon.com\\\/grajewo\\\/wp-content\\\/uploads\\\/sites\\\/4\\\/2026\\\/02\\\/logo.webp\",\"width\":388,\"height\":68,\"caption\":\"Esteticon Grajewo\"},\"image\":{\"@id\":\"https:\\\/\\\/esteticon.com\\\/grajewo\\\/#\\\/schema\\\/logo\\\/image\\\/\"}}]}<\/script>\n<!-- \/ Yoast SEO plugin. -->","yoast_head_json":{"title":"RODO - Esteticon Grajewo","robots":{"index":"index","follow":"follow","max-snippet":"max-snippet:-1","max-image-preview":"max-image-preview:large","max-video-preview":"max-video-preview:-1"},"canonical":"https:\/\/esteticon.com\/grajewo\/rodo\/","og_locale":"pl_PL","og_type":"article","og_title":"RODO - Esteticon Grajewo","og_description":"Obowi\u0105zek informacyjny RODO Poni\u017csza informacja stanowi zwi\u0119z\u0142y, zrozumia\u0142y i przejrzysty skr\u00f3t informacji zamieszczonych w Polityce Prywatno\u015bci odno\u015bnie Administratora danych, celu i sposobu przetwarzania danych osobowych oraz Twoich praw w zwi\u0105zku z tym przetwarzaniem, w formie wymaganej do spe\u0142nienia obowi\u0105zku informacyjnego RODO. Szczeg\u00f3\u0142y dotycz\u0105ce sposobu przetwarzania i podmiot\u00f3w uczestnicz\u0105cych w tym procesie dost\u0119pne s\u0105 we wskazanej [&hellip;]","og_url":"https:\/\/esteticon.com\/grajewo\/rodo\/","og_site_name":"Esteticon Grajewo","article_modified_time":"2026-04-07T09:20:53+00:00","og_image":[{"width":1635,"height":1226,"url":"https:\/\/esteticon.com\/grajewo\/wp-content\/uploads\/sites\/4\/2023\/04\/005_stona-glowna_230223.webp","type":"image\/webp"}],"twitter_card":"summary_large_image","twitter_misc":{"Szacowany czas czytania":"7 minut"},"schema":{"@context":"https:\/\/schema.org","@graph":[{"@type":"WebPage","@id":"https:\/\/esteticon.com\/grajewo\/rodo\/","url":"https:\/\/esteticon.com\/grajewo\/rodo\/","name":"RODO - Esteticon Grajewo","isPartOf":{"@id":"https:\/\/esteticon.com\/grajewo\/#website"},"datePublished":"2023-04-04T12:27:56+00:00","dateModified":"2026-04-07T09:20:53+00:00","breadcrumb":{"@id":"https:\/\/esteticon.com\/grajewo\/rodo\/#breadcrumb"},"inLanguage":"pl-PL","potentialAction":[{"@type":"ReadAction","target":["https:\/\/esteticon.com\/grajewo\/rodo\/"]}]},{"@type":"BreadcrumbList","@id":"https:\/\/esteticon.com\/grajewo\/rodo\/#breadcrumb","itemListElement":[{"@type":"ListItem","position":1,"name":"Strona g\u0142\u00f3wna","item":"https:\/\/esteticon.com\/grajewo\/"},{"@type":"ListItem","position":2,"name":"RODO"}]},{"@type":"WebSite","@id":"https:\/\/esteticon.com\/grajewo\/#website","url":"https:\/\/esteticon.com\/grajewo\/","name":"Esteticon Grajewo","description":"Esteticon Grajewo to Tw\u00f3j ekspert od pi\u0119knego u\u015bmiechu i zdrowej sk\u00f3ry.","publisher":{"@id":"https:\/\/esteticon.com\/grajewo\/#organization"},"potentialAction":[{"@type":"SearchAction","target":{"@type":"EntryPoint","urlTemplate":"https:\/\/esteticon.com\/grajewo\/?s={search_term_string}"},"query-input":{"@type":"PropertyValueSpecification","valueRequired":true,"valueName":"search_term_string"}}],"inLanguage":"pl-PL"},{"@type":"Organization","@id":"https:\/\/esteticon.com\/grajewo\/#organization","name":"Esteticon Grajewo","url":"https:\/\/esteticon.com\/grajewo\/","logo":{"@type":"ImageObject","inLanguage":"pl-PL","@id":"https:\/\/esteticon.com\/grajewo\/#\/schema\/logo\/image\/","url":"https:\/\/esteticon.com\/grajewo\/wp-content\/uploads\/sites\/4\/2026\/02\/logo.webp","contentUrl":"https:\/\/esteticon.com\/grajewo\/wp-content\/uploads\/sites\/4\/2026\/02\/logo.webp","width":388,"height":68,"caption":"Esteticon Grajewo"},"image":{"@id":"https:\/\/esteticon.com\/grajewo\/#\/schema\/logo\/image\/"}}]}},"_links":{"self":[{"href":"https:\/\/esteticon.com\/grajewo\/wp-json\/wp\/v2\/pages\/984","targetHints":{"allow":["GET"]}}],"collection":[{"href":"https:\/\/esteticon.com\/grajewo\/wp-json\/wp\/v2\/pages"}],"about":[{"href":"https:\/\/esteticon.com\/grajewo\/wp-json\/wp\/v2\/types\/page"}],"author":[{"embeddable":true,"href":"https:\/\/esteticon.com\/grajewo\/wp-json\/wp\/v2\/users\/4"}],"replies":[{"embeddable":true,"href":"https:\/\/esteticon.com\/grajewo\/wp-json\/wp\/v2\/comments?post=984"}],"version-history":[{"count":4,"href":"https:\/\/esteticon.com\/grajewo\/wp-json\/wp\/v2\/pages\/984\/revisions"}],"predecessor-version":[{"id":1701,"href":"https:\/\/esteticon.com\/grajewo\/wp-json\/wp\/v2\/pages\/984\/revisions\/1701"}],"wp:attachment":[{"href":"https:\/\/esteticon.com\/grajewo\/wp-json\/wp\/v2\/media?parent=984"}],"curies":[{"name":"wp","href":"https:\/\/api.w.org\/{rel}","templated":true}]}}