{"id":26,"date":"2022-12-29T02:03:35","date_gmt":"2022-12-29T01:03:35","guid":{"rendered":"https:\/\/esteticon:8890\/?page_id=26"},"modified":"2023-05-16T16:29:12","modified_gmt":"2023-05-16T14:29:12","slug":"umow-wizyte","status":"publish","type":"page","link":"https:\/\/esteticon.com\/grajewo\/umow-wizyte\/","title":{"rendered":"Um\u00f3w wizyt\u0119"},"content":{"rendered":"<section class=\"antialiased max-w-fhd relative xl:mx-auto wp-block-esteticon-wizyta antialiased max-w-fhd relative xl:mx-auto wp-block-esteticon-wizyta\" data-aos=\"fade\">\n    <img decoding=\"async\" src=\"https:\/\/esteticon.com\/grajewo\/wp-content\/themes\/estetic\/assets\/images\/esteticon_wizyta.webp\" class=\"absolute h-full inset-0 object-cover w-full\">\n    <div class=\"absolute bg-black bg-opacity-50 h-full inset-0 w-full\"><\/div>\n    <div class=\"content-wrapper mx-auto pb-8 pt-20 px-5 relative\">\n        <h1 class=\"font-bold mb-5 text-3xl text-white\">Um\u00f3w wizyt\u0119<\/h1>\n        <p class=\"mb-5 text-sm text-white lg:w-8\/12 xl:w-6\/12\">Chcesz um\u00f3wi\u0107 si\u0119 na wizyt\u0119 lub masz dodatkowe pytania dotycz\u0105ce us\u0142ugi, kt\u00f3ra Ci\u0119 interesuje? Zadzwo\u0144 do nas lub wy\u015blij wiadomo\u015b\u0107, a my ch\u0119tnie odpowiemy na wszystkie Twoje pytania.<\/p>\n        <a class=\"add_element bg-red cursor-pointer font-medium hover:bg-opacity-90 hover:bg-red inline-block mb-5 px-9 py-4 rounded-30 text-white trigger_button lg:px-14\">Rezerwuj wizyt\u0119 online<\/a>\n        <div class=\"modal\"> \n            <div class=\"bg-white modal-content relative\"> \n                <p class=\"absolute font-sans font-semibold inset-x-0 mx-auto text-4xl text-gray top-1\/2 w-max z-10\">\u0141adowanie &#8230;<\/p>\n                <button class=\"-top-7 absolute bg-red close-button flex group hover:bg-white hover:duration-200 items-center justify-center right-0 rounded-full z-50 lg:-right-5 lg:-top-7\">\n                    <svg xmlns=\"http:\/\/www.w3.org\/2000\/svg\" width=\"18\" height=\"18\" fill=\"none\">\n                        <path stroke=\"#fff\" stroke-linecap=\"round\" stroke-linejoin=\"round\" stroke-width=\"1.2\" d=\"M17 1 1 17M1 1l16 16L1 1Z\" class=\"group-hover:duration-200 group-hover:stroke-red\"\/>\n                    <\/svg>\n                <\/button>\n            <\/div>             \n        <\/div>\n        <div class=\"flex flex-col gap-10 mb-7 xl:flex-row\">\n            <div class=\"flex flex-col xl:w-1\/3\">\n                <p class=\"font-bold mb-7 text-lg text-white\">Centrum Stomatologii<\/p>\n                <div class=\"flex flex-col gap-5\">\n                    <div class=\"bg-white flex flex-col p-5 rounded-10\">\n                        <p class=\"mb-1 text-xs\">Telefon<\/p>\n                        <a href=\"tel:+ 48 731 577 117\" class=\"mb-7 text-base\">+ 48 731 577 117<\/a>\n                        <p class=\"mb-1 text-xs\">E-mail<\/p>\n                        <a href=\"mailto:stomatologia@esteticon.com\" class=\"text-xs sm:text-base md:text-xl\">stomatologia@esteticon.com<\/a>\n                    <\/div>\n                <\/div>\n            <\/div>\n            <div class=\"flex flex-col xl:w-1\/3\">\n                <p class=\"font-bold mb-7 text-lg text-white\">Medycyna Estetyczna<\/p>\n                <div class=\"flex flex-col gap-5\">\n                    <div class=\"bg-white flex flex-col p-5 rounded-10\">\n                        <p class=\"mb-1 text-xs\">Telefon<\/p>\n                        <a href=\"tel:+ 48 883 733 933\" class=\"mb-7 text-base\">+ 48 883 733 933<\/a>\n                        <p class=\"mb-1 text-xs\">E-mail<\/p>\n                        <a href=\"mailto:medycynaestetyczna@esteticon.com\" class=\"mb-0 text-xs sm:text-base md:text-xl\">medycynaestetyczna@esteticon.com<\/a>\n                    <\/div>\n                <\/div>\n            <\/div>\n            <div class=\"flex flex-col xl:w-1\/3\">\n                <p class=\"font-bold mb-7 text-lg text-white\">Kosmetologia Estetyczna<\/p>\n                <div class=\"flex flex-col gap-5\">\n                    <div class=\"bg-white flex flex-col p-5 rounded-10\">\n                        <p class=\"mb-1 text-xs\">Telefon<\/p>\n                        <a href=\"tel:+ 48 883 733 933\" class=\"mb-7 text-base\">+ 48 883 733 933<\/a>\n                        <p class=\"mb-1 text-xs\">E-mail<\/p>\n                        <a href=\"mailto:medycynaestetyczna@esteticon.com\" class=\"mb-0 text-xs sm:text-base md:text-xl\">medycynaestetyczna@esteticon.com<\/a>\n                    <\/div>\n                <\/div>\n            <\/div>\n        <\/div>\n        <div class=\"flex flex-col gap-5 sm:flex-row\">\n            <div class=\"bg-white flex flex-col p-5 rounded-10 sm:gap-5 sm:w-full xl:flex-row xl:justify-between\">\n                <div class=\"flex flex-col mb-6 sm:flex sm:flex-row sm:mb-0\">\n                    <svg xmlns=\"http:\/\/www.w3.org\/2000\/svg\" width=\"21\" height=\"24\" fill=\"none\" class=\"mb-4 sm:mb-0 sm:mr-2\">\n                        <path stroke=\"#D40000\" stroke-linecap=\"round\" stroke-linejoin=\"round\" d=\"M6.739 10.565a3.826 3.826 0 0 0 7.652 0\" style=\"stroke:;\"\/>\n                        <path stroke=\"#D40000\" stroke-linecap=\"round\" stroke-linejoin=\"round\" d=\"m17.329 17.254-5.073 5.05a2.397 2.397 0 0 1-3.38 0L3.8 17.253a9.508 9.508 0 0 1-2.617-4.875 9.48 9.48 0 0 1 .544-5.501 9.53 9.53 0 0 1 3.523-4.273 9.596 9.596 0 0 1 10.628 0 9.531 9.531 0 0 1 3.523 4.273 9.48 9.48 0 0 1 .544 5.5 9.508 9.508 0 0 1-2.617 4.876v0Z\" style=\"stroke:;\"\/>\n                    <\/svg>\n                    Osiedle Po\u0142udnie 9                    <p class=\"h-0 invisible sm:h-auto sm:visible\">,&nbsp;<\/p>\n                    19-200 Grajewo                <\/div>\n                <div class=\"sm:flex sm:flex-row\">\n                    <svg xmlns=\"http:\/\/www.w3.org\/2000\/svg\" width=\"20\" height=\"20\" fill=\"none\" class=\"mb-4 sm:mb-0 sm:mr-2\">\n                        <g fill=\"#D40000\" clip-path=\"url(#a)\" style=\"fill:;\">\n                            <path d=\"M10 0a10 10 0 1 0 10 10A10.01 10.01 0 0 0 10 0Zm0 19.048A9.047 9.047 0 1 1 19.048 10 9.057 9.057 0 0 1 10 19.048Z\"\/>\n                            <path d=\"M15.828 9.523h-5.352V4.168a.476.476 0 0 0-.953 0v5.831a.476.476 0 0 0 .477.476h5.828a.476.476 0 1 0 0-.952Z\"\/>\n                        <\/g>\n                        <defs>\n                            <clipPath id=\"a\">\n                                <path fill=\"#fff\" d=\"M0 0h20v20H0z\" style=\"fill:;\"\/>\n                            <\/clipPath>\n                        <\/defs>\n                    <\/svg>\n                    <p><p>Poniedzia\u0142ek &#8211; Pi\u0105tek: <strong>09:00 &#8211; 17:00<\/strong><\/p>\n<\/p>\n                <\/div>\n            <\/div>\n        <\/div>\n    <\/div>\n<\/section>\n\n\n<iframe src=\"https:\/\/www.google.com\/maps\/embed?pb=!1m14!1m8!1m3!1d9460.265711072576!2d22.4674397!3d53.6457877!3m2!1i1024!2i768!4f13.1!3m3!1m2!1s0x46e1cbeadcabc495%3A0xad4ab0eff2223b10!2sEsteticon!5e0!3m2!1spl!2spl!4v1683555233567!5m2!1spl!2spl\" height=\"450\" style=\"border:0; width:100%;\" allowfullscreen=\"yes\" loading=\"lazy\" referrerpolicy=\"no-referrer-when-downgrade\"><\/iframe>\n","protected":false},"excerpt":{"rendered":"","protected":false},"author":4,"featured_media":0,"parent":0,"menu_order":9,"comment_status":"closed","ping_status":"closed","template":"","meta":{"_acf_changed":false,"footnotes":""},"class_list":["post-26","page","type-page","status-publish","hentry"],"acf":[],"yoast_head":"<!-- This site is optimized with the Yoast SEO plugin v27.3 - https:\/\/yoast.com\/product\/yoast-seo-wordpress\/ -->\n<title>Um\u00f3w wizyt\u0119 - Esteticon Grajewo<\/title>\n<meta name=\"robots\" content=\"index, follow, max-snippet:-1, max-image-preview:large, max-video-preview:-1\" \/>\n<link rel=\"canonical\" href=\"https:\/\/esteticon.com\/grajewo\/umow-wizyte\/\" \/>\n<meta property=\"og:locale\" content=\"pl_PL\" \/>\n<meta property=\"og:type\" content=\"article\" \/>\n<meta property=\"og:title\" content=\"Um\u00f3w wizyt\u0119 - Esteticon Grajewo\" \/>\n<meta property=\"og:url\" content=\"https:\/\/esteticon.com\/grajewo\/umow-wizyte\/\" \/>\n<meta property=\"og:site_name\" content=\"Esteticon Grajewo\" \/>\n<meta property=\"article:modified_time\" content=\"2023-05-16T14:29:12+00:00\" \/>\n<meta property=\"og:image\" content=\"https:\/\/esteticon.com\/grajewo\/wp-content\/uploads\/sites\/4\/2023\/04\/005_stona-glowna_230223.webp\" \/>\n\t<meta property=\"og:image:width\" content=\"1635\" \/>\n\t<meta property=\"og:image:height\" content=\"1226\" \/>\n\t<meta property=\"og:image:type\" content=\"image\/webp\" \/>\n<meta name=\"twitter:card\" content=\"summary_large_image\" \/>\n<script type=\"application\/ld+json\" class=\"yoast-schema-graph\">{\"@context\":\"https:\\\/\\\/schema.org\",\"@graph\":[{\"@type\":\"WebPage\",\"@id\":\"https:\\\/\\\/esteticon.com\\\/grajewo\\\/umow-wizyte\\\/\",\"url\":\"https:\\\/\\\/esteticon.com\\\/grajewo\\\/umow-wizyte\\\/\",\"name\":\"Um\u00f3w wizyt\u0119 - Esteticon Grajewo\",\"isPartOf\":{\"@id\":\"https:\\\/\\\/esteticon.com\\\/grajewo\\\/#website\"},\"datePublished\":\"2022-12-29T01:03:35+00:00\",\"dateModified\":\"2023-05-16T14:29:12+00:00\",\"breadcrumb\":{\"@id\":\"https:\\\/\\\/esteticon.com\\\/grajewo\\\/umow-wizyte\\\/#breadcrumb\"},\"inLanguage\":\"pl-PL\",\"potentialAction\":[{\"@type\":\"ReadAction\",\"target\":[\"https:\\\/\\\/esteticon.com\\\/grajewo\\\/umow-wizyte\\\/\"]}]},{\"@type\":\"BreadcrumbList\",\"@id\":\"https:\\\/\\\/esteticon.com\\\/grajewo\\\/umow-wizyte\\\/#breadcrumb\",\"itemListElement\":[{\"@type\":\"ListItem\",\"position\":1,\"name\":\"Strona g\u0142\u00f3wna\",\"item\":\"https:\\\/\\\/esteticon.com\\\/grajewo\\\/\"},{\"@type\":\"ListItem\",\"position\":2,\"name\":\"Um\u00f3w wizyt\u0119\"}]},{\"@type\":\"WebSite\",\"@id\":\"https:\\\/\\\/esteticon.com\\\/grajewo\\\/#website\",\"url\":\"https:\\\/\\\/esteticon.com\\\/grajewo\\\/\",\"name\":\"Esteticon Grajewo\",\"description\":\"Esteticon Grajewo to Tw\u00f3j ekspert od pi\u0119knego u\u015bmiechu i zdrowej sk\u00f3ry.\",\"publisher\":{\"@id\":\"https:\\\/\\\/esteticon.com\\\/grajewo\\\/#organization\"},\"potentialAction\":[{\"@type\":\"SearchAction\",\"target\":{\"@type\":\"EntryPoint\",\"urlTemplate\":\"https:\\\/\\\/esteticon.com\\\/grajewo\\\/?s={search_term_string}\"},\"query-input\":{\"@type\":\"PropertyValueSpecification\",\"valueRequired\":true,\"valueName\":\"search_term_string\"}}],\"inLanguage\":\"pl-PL\"},{\"@type\":\"Organization\",\"@id\":\"https:\\\/\\\/esteticon.com\\\/grajewo\\\/#organization\",\"name\":\"Esteticon Grajewo\",\"url\":\"https:\\\/\\\/esteticon.com\\\/grajewo\\\/\",\"logo\":{\"@type\":\"ImageObject\",\"inLanguage\":\"pl-PL\",\"@id\":\"https:\\\/\\\/esteticon.com\\\/grajewo\\\/#\\\/schema\\\/logo\\\/image\\\/\",\"url\":\"https:\\\/\\\/esteticon.com\\\/grajewo\\\/wp-content\\\/uploads\\\/sites\\\/4\\\/2026\\\/02\\\/logo.webp\",\"contentUrl\":\"https:\\\/\\\/esteticon.com\\\/grajewo\\\/wp-content\\\/uploads\\\/sites\\\/4\\\/2026\\\/02\\\/logo.webp\",\"width\":388,\"height\":68,\"caption\":\"Esteticon Grajewo\"},\"image\":{\"@id\":\"https:\\\/\\\/esteticon.com\\\/grajewo\\\/#\\\/schema\\\/logo\\\/image\\\/\"}}]}<\/script>\n<!-- \/ Yoast SEO plugin. -->","yoast_head_json":{"title":"Um\u00f3w wizyt\u0119 - Esteticon Grajewo","robots":{"index":"index","follow":"follow","max-snippet":"max-snippet:-1","max-image-preview":"max-image-preview:large","max-video-preview":"max-video-preview:-1"},"canonical":"https:\/\/esteticon.com\/grajewo\/umow-wizyte\/","og_locale":"pl_PL","og_type":"article","og_title":"Um\u00f3w wizyt\u0119 - Esteticon Grajewo","og_url":"https:\/\/esteticon.com\/grajewo\/umow-wizyte\/","og_site_name":"Esteticon Grajewo","article_modified_time":"2023-05-16T14:29:12+00:00","og_image":[{"width":1635,"height":1226,"url":"https:\/\/esteticon.com\/grajewo\/wp-content\/uploads\/sites\/4\/2023\/04\/005_stona-glowna_230223.webp","type":"image\/webp"}],"twitter_card":"summary_large_image","schema":{"@context":"https:\/\/schema.org","@graph":[{"@type":"WebPage","@id":"https:\/\/esteticon.com\/grajewo\/umow-wizyte\/","url":"https:\/\/esteticon.com\/grajewo\/umow-wizyte\/","name":"Um\u00f3w wizyt\u0119 - Esteticon Grajewo","isPartOf":{"@id":"https:\/\/esteticon.com\/grajewo\/#website"},"datePublished":"2022-12-29T01:03:35+00:00","dateModified":"2023-05-16T14:29:12+00:00","breadcrumb":{"@id":"https:\/\/esteticon.com\/grajewo\/umow-wizyte\/#breadcrumb"},"inLanguage":"pl-PL","potentialAction":[{"@type":"ReadAction","target":["https:\/\/esteticon.com\/grajewo\/umow-wizyte\/"]}]},{"@type":"BreadcrumbList","@id":"https:\/\/esteticon.com\/grajewo\/umow-wizyte\/#breadcrumb","itemListElement":[{"@type":"ListItem","position":1,"name":"Strona g\u0142\u00f3wna","item":"https:\/\/esteticon.com\/grajewo\/"},{"@type":"ListItem","position":2,"name":"Um\u00f3w wizyt\u0119"}]},{"@type":"WebSite","@id":"https:\/\/esteticon.com\/grajewo\/#website","url":"https:\/\/esteticon.com\/grajewo\/","name":"Esteticon Grajewo","description":"Esteticon Grajewo to Tw\u00f3j ekspert od pi\u0119knego u\u015bmiechu i zdrowej sk\u00f3ry.","publisher":{"@id":"https:\/\/esteticon.com\/grajewo\/#organization"},"potentialAction":[{"@type":"SearchAction","target":{"@type":"EntryPoint","urlTemplate":"https:\/\/esteticon.com\/grajewo\/?s={search_term_string}"},"query-input":{"@type":"PropertyValueSpecification","valueRequired":true,"valueName":"search_term_string"}}],"inLanguage":"pl-PL"},{"@type":"Organization","@id":"https:\/\/esteticon.com\/grajewo\/#organization","name":"Esteticon Grajewo","url":"https:\/\/esteticon.com\/grajewo\/","logo":{"@type":"ImageObject","inLanguage":"pl-PL","@id":"https:\/\/esteticon.com\/grajewo\/#\/schema\/logo\/image\/","url":"https:\/\/esteticon.com\/grajewo\/wp-content\/uploads\/sites\/4\/2026\/02\/logo.webp","contentUrl":"https:\/\/esteticon.com\/grajewo\/wp-content\/uploads\/sites\/4\/2026\/02\/logo.webp","width":388,"height":68,"caption":"Esteticon Grajewo"},"image":{"@id":"https:\/\/esteticon.com\/grajewo\/#\/schema\/logo\/image\/"}}]}},"_links":{"self":[{"href":"https:\/\/esteticon.com\/grajewo\/wp-json\/wp\/v2\/pages\/26","targetHints":{"allow":["GET"]}}],"collection":[{"href":"https:\/\/esteticon.com\/grajewo\/wp-json\/wp\/v2\/pages"}],"about":[{"href":"https:\/\/esteticon.com\/grajewo\/wp-json\/wp\/v2\/types\/page"}],"author":[{"embeddable":true,"href":"https:\/\/esteticon.com\/grajewo\/wp-json\/wp\/v2\/users\/4"}],"replies":[{"embeddable":true,"href":"https:\/\/esteticon.com\/grajewo\/wp-json\/wp\/v2\/comments?post=26"}],"version-history":[{"count":8,"href":"https:\/\/esteticon.com\/grajewo\/wp-json\/wp\/v2\/pages\/26\/revisions"}],"predecessor-version":[{"id":1187,"href":"https:\/\/esteticon.com\/grajewo\/wp-json\/wp\/v2\/pages\/26\/revisions\/1187"}],"wp:attachment":[{"href":"https:\/\/esteticon.com\/grajewo\/wp-json\/wp\/v2\/media?parent=26"}],"curies":[{"name":"wp","href":"https:\/\/api.w.org\/{rel}","templated":true}]}}