{"id":1582,"date":"2025-07-04T16:59:04","date_gmt":"2025-07-04T14:59:04","guid":{"rendered":"https:\/\/esteticon.com\/augustow\/?page_id=1582"},"modified":"2026-04-03T17:11:44","modified_gmt":"2026-04-03T15:11:44","slug":"kosmetyka","status":"publish","type":"page","link":"https:\/\/esteticon.com\/augustow\/kosmetyka\/","title":{"rendered":"Kosmetyka"},"content":{"rendered":"\n<section class=\"wp-block-esteticon-content-block8 antialiased bg-white content-wrapper flex flex-col-reverse gap-10 justify-between mb-20 mx-auto lg:flex-row lg:mb-28 lg:px-5\">  <div class=\"flex flex-col justify-center px-5 text-left lg:px-0 lg:w-5\/12\"> <h1 class=\"font-semibold heading-lg mb-4\" data-aos=\"fade-left\">Kosmetyka<br><mark style=\"background-color:rgba(0, 0, 0, 0);color:#ac8969\" class=\"has-inline-color\">w rytmie Twojego pi\u0119kna.<\/mark><\/h1> <p class=\"leading-relaxed mb-10 lg:w-4\/5\" data-aos=\"fade-left\">Wyj\u0105tkowe miejsce, gdzie kunszt \u0142\u0105czy si\u0119 z dyskretnym luksusem, do\u015bwiadczeniem, indywidualnym podej\u015bciem i estetyk\u0105 na najwy\u017cszym \u015bwiatowym poziomie.<\/p> <div class=\"flex lg:relative lg:w-max\" data-aos=\"fade\"> <svg xmlns=\"http:\/\/www.w3.org\/2000\/svg\" width=\"18\" height=\"25\" fill=\"none\" class=\"absolute mouse-animation\"> <path stroke=\"#000\" stroke-linecap=\"round\" stroke-linejoin=\"round\" stroke-width=\"1.2\" d=\"M8.594 5.469v5.729\"><\/path> <rect width=\"15.988\" height=\"23.8\" x=\".6\" y=\".6\" stroke=\"#000\" stroke-width=\"1.2\" rx=\"7.994\"><\/rect> <\/svg> <\/div> <\/div>   <div class=\"bg-gray-100 h-60 overflow-hidden sm:h-80 md:h-96 lg:h-auto lg:rounded-lg lg:w-6\/12\" data-aos=\"fade\"> <img loading=\"lazy\" decoding=\"async\" width=\"1536\" height=\"1024\" src=\"https:\/\/esteticon.com\/augustow\/wp-content\/uploads\/sites\/5\/2025\/07\/slide-2.jpg\" alt=\"Esteticon\" class=\"h-full lg:max-w-2xl object-center object-cover w-full wp-image-1604\" srcset=\"https:\/\/esteticon.com\/augustow\/wp-content\/uploads\/sites\/5\/2025\/07\/slide-2.jpg 1536w, https:\/\/esteticon.com\/augustow\/wp-content\/uploads\/sites\/5\/2025\/07\/slide-2-300x200.jpg 300w, https:\/\/esteticon.com\/augustow\/wp-content\/uploads\/sites\/5\/2025\/07\/slide-2-1024x683.jpg 1024w, https:\/\/esteticon.com\/augustow\/wp-content\/uploads\/sites\/5\/2025\/07\/slide-2-768x512.jpg 768w\" sizes=\"auto, (max-width: 1536px) 100vw, 1536px\" \/> <\/div>  <\/section>\n\n\n\n<section class=\"wp-block-esteticon-content-block9 content-wrapper flex flex-col mb-20 px-5 lg:antialiased lg:flex-row lg:justify-between lg:mb-28 lg:mx-auto lg:px-5\"> <div class=\"lg:w-3\/12\"> <h2 class=\"font-normal heading-sm mb-14\" data-aos=\"fade-right\">Kosmetyka<\/h2> <div class=\"mb-10 relative w-full sm:w-96 lg:w-full\"> <img loading=\"lazy\" decoding=\"async\" width=\"228\" height=\"248\" src=\"https:\/\/esteticon.com\/augustow\/wp-content\/uploads\/sites\/5\/2023\/01\/kosmetologia_estetyczna.webp\" class=\"absolute bottom-0 max-h-28 object-contain w-auto wp-image-214\" alt=\"Esteticon\" data-aos=\"fade-right\"\/> <div class=\"bg-background h-24 rounded-lg\"><\/div> <\/div> <\/div> <div class=\"lg:w-8\/12\"> <p class=\"mb-9 text-lg\" data-aos=\"fade\">W Esteticon otaczamy Ci\u0119 nie tylko profesjonalizmem, ale i atmosfer\u0105 wyrafinowanego spokoju. Ka\u017cdy etap Twojej przemiany to celebracja indywidualno\u015bci \u2013 prowadzona z najwy\u017csz\u0105 trosk\u0105, w przestrzeni stworzonej z my\u015bl\u0105 o komforcie, dyskrecji i estetyce na \u015bwiatowym poziomie.<br><strong>Tu wszystko staje si\u0119 sztuk\u0105, a Ty jej najpi\u0119kniejsz\u0105 inspiracj\u0105.<\/strong><\/p> <div class=\"flex flex-col gap-10 md:flex-row\">\n<div class=\"wp-block-esteticon-content-block9-element flex flex-row md:w-1\/2\"> <div class=\"border-l-2 border-r-2 border-red border-solid h-8 mr-6 rounded-full\" data-aos=\"slide-down\"><\/div> <p class=\"md:max-w-5xl\" data-aos=\"fade-up\">Nasz zesp\u00f3\u0142 tworz\u0105 wybitni specjali\u015bci z do\u015bwiadczeniem.<\/p> <\/div>\n\n\n\n<div class=\"wp-block-esteticon-content-block9-element flex flex-row md:w-1\/2\"> <div class=\"border-l-2 border-r-2 border-red border-solid h-8 mr-6 rounded-full\" data-aos=\"slide-down\"><\/div> <p class=\"md:max-w-5xl\" data-aos=\"fade-up\">To moment, w kt\u00f3rym wybierasz siebie \u2014 z odwag\u0105, \u0142agodno\u015bci\u0105 i poczuciem, \u017ce zas\u0142ugujesz na to, co najpi\u0119kniejsze.<\/p> <\/div>\n<\/div> <\/div> <\/section>\n\n\n<section class=\"antialiased bg-white content-wrapper mb-20 mx-auto px-5 lg:mb-28 wp-block-esteticon-services-list-kos\">\n    <div class=\"bg-white\">\n        <div class=\"max-w-screen-2xl mx-auto\">\n            <!-- text - start -->\n            <!-- text - end -->\n                                            <\/div>\n    <\/div>\n<\/section>\n\n\n<section class=\"wp-block-esteticon-baner antialiased bg-white mb-20 lg:mb-28\"> <div class=\"content-wrapper mx-auto px-5 sm:pt-8\"> <div class=\"bg-background flex flex-col-reverse gap-4 items-center justify-between rounded-lg sm:flex-row sm:px-8 xl:pl-4 xl:pr-10\"> <div class=\"h-full relative w-72 sm:place-self-end\"> <img loading=\"lazy\" decoding=\"async\" width=\"363\" height=\"327\" src=\"https:\/\/esteticon.com\/augustow\/wp-content\/uploads\/sites\/5\/2023\/01\/piekniejsze_oblicze.webp\" class=\"h-56 object-contain sm:absolute sm:bottom-0 w-full wp-image-212\" alt=\"Odkryj razem z nami swoje pi\u0119kniejsze oblicze\" data-aos=\"fade-right\" srcset=\"https:\/\/esteticon.com\/augustow\/wp-content\/uploads\/sites\/5\/2023\/01\/piekniejsze_oblicze.webp 363w, https:\/\/esteticon.com\/augustow\/wp-content\/uploads\/sites\/5\/2023\/01\/piekniejsze_oblicze-300x270.webp 300w\" sizes=\"auto, (max-width: 363px) 100vw, 363px\" \/> <\/div> <div class=\"flex flex-col items-center justify-between pb-14 pt-10 w-10\/12 sm:py-8 sm:w-10\/12 xl:flex-row xl:py-16\"> <h2 class=\"font-normal mb-5 text-2xl text-center xl:mb-0\" data-aos=\"fade\">Perfekcja\u00a0<strong>zaczyna si\u0119 od decyzji.<\/strong><\/h2> <a href=\"https:\/\/esteticon.com\/augustow\/umow-wizyte\/\" class=\"bg-red font-medium px-9 py-4 rounded-30 text-white\" data-aos=\"fade\">Rezerwuj wizyt\u0119<\/a> <\/div> <\/div> <\/div> <\/section>\n\n\n\n<section class=\"wp-block-esteticon-content-block1 antialiased bg-white mb-20 lg:mb-28 overflow-visible\"> <div class=\"content-wrapper mx-auto px-5\"> <div class=\"mb-10 md:mb-16\" data-aos=\"fade-right\"> <h2 class=\"font-normal heading-sm mb-16\">Dlaczego warto nam zaufa\u0107?<\/h2> <\/div> <div class=\"gap-8 grid md:gap-12 lg:gap-24 lg:grid-cols-3 xl:gap-32\">\n<div class=\"wp-block-esteticon-content-block1-element flex gap-4 md:gap-6\" data-aos=\"fade-up\"> <div class=\"flex h-8 items-center justify-center shrink-0 text-white w-8\"> <img loading=\"lazy\" decoding=\"async\" width=\"55\" height=\"63\" src=\"https:\/\/esteticon.com\/augustow\/wp-content\/uploads\/sites\/5\/2026\/02\/wyspecjalizowani_specjalisci_ikona.webp\" class=\"h-full object-contain w-full wp-image-1718\" alt=\"Stomatologia\"\/> <\/div> <div> <h3 class=\"font-normal mb-3 mt-1 text-lg\">Wyspecjalizowani eksperci<\/h3> <p class=\"mb-8\">Wieloletnie do\u015bwiadczenie, wiedza oraz nieustanne podnoszenie kompetencji naszych ekspert\u00f3w pozwala oferowa\u0107\u00a0<strong>najwy\u017csz\u0105 jako\u015b\u0107 us\u0142ug<\/strong>\u00a0oraz standardu obs\u0142ugi Pacjenta.<\/p>  <\/div> <\/div>\n\n\n\n<div class=\"wp-block-esteticon-content-block1-element flex gap-4 md:gap-6\" data-aos=\"fade-up\"> <div class=\"flex h-8 items-center justify-center shrink-0 text-white w-8\"> <img loading=\"lazy\" decoding=\"async\" width=\"63\" height=\"63\" src=\"https:\/\/esteticon.com\/augustow\/wp-content\/uploads\/sites\/5\/2026\/02\/bezpieczenstwo_ikona.webp\" class=\"h-full object-contain w-full wp-image-1679\" alt=\"Stomatologia\"\/> <\/div> <div> <h3 class=\"font-normal mb-3 mt-1 text-lg\">Bezpiecze\u0144stwo<\/h3> <p class=\"mb-8\">Pracujemy na sprawdzonych procedurach, kt\u00f3re\u00a0<strong>zwi\u0119kszaj\u0105 bezpiecze\u0144stwo naszych Pacjent\u00f3w<\/strong>\u00a0podczas zabieg\u00f3w<br>i minimalizuj\u0105 ryzyko dzia\u0142a\u0144 niepo\u017c\u0105danych.<\/p>  <\/div> <\/div>\n\n\n\n<div class=\"wp-block-esteticon-content-block1-element flex gap-4 md:gap-6\" data-aos=\"fade-up\"> <div class=\"flex h-8 items-center justify-center shrink-0 text-white w-8\"> <img loading=\"lazy\" decoding=\"async\" width=\"53\" height=\"63\" src=\"https:\/\/esteticon.com\/augustow\/wp-content\/uploads\/sites\/5\/2026\/02\/najnowsze_technologie_ikona.webp\" class=\"h-full object-contain w-full wp-image-1704\" alt=\"Stomatologia\"\/> <\/div> <div> <h3 class=\"font-normal mb-3 mt-1 text-lg\">Najnowsze technologie<\/h3> <p class=\"mb-8\">Pracujemy wy\u0142\u0105cznie na sprz\u0119cie od \u015bwiatowych, renomowanych producent\u00f3w i u\u017cywamy materia\u0142\u00f3w klasy premium, kt\u00f3re\u00a0<strong>zapewniaj\u0105 uzyskanie spektakularnych rezultat\u00f3w.<\/strong><\/p>  <\/div> <\/div>\n<\/div> <\/div> <\/section>\n\n\n<section class=\"antialiased bg-white mb-20 lg:mb-28 wp-block-esteticon-specialists-slider-kos\">\n    <div class=\"content-wrapper mx-auto\">\n        <div class=\"flex flex-row gap-10 items-center justify-between mb-12 px-5\">\n                            <h2 class=\"heading-sm\" data-aos=\"fade-right\">Poznaj naszych specjalist\u00f3w od Kosmetyki<\/h2>\n                        <div class=\"doctors-slider-nav flex flex-row slider-nav\" data-aos=\"fade\">\n                <button class=\"doctors-slider-prev bg-background duration-300 group h-12 hidden hover:bg-red items-center justify-center rounded-l-lg transition-colors w-12 md:flex\" aria-label=\"slider button previous\">\n                    <svg xmlns=\"http:\/\/www.w3.org\/2000\/svg\" width=\"7\" height=\"13\" fill=\"none\">\n                        <path stroke=\"#030303\" stroke-linecap=\"round\" stroke-linejoin=\"round\" d=\"M6 1 1 6.5 6 12\" class=\"duration-300 group-hover:stroke-white transition-colors\"\/>\n                    <\/svg>\n                <\/button>\n                <button class=\"doctors-slider-next -rotate-180 bg-background duration-300 group h-12 hidden hover:bg-red items-center justify-center rounded-l-lg transition-colors w-12 md:flex\" aria-label=\"slider button next\">\n                    <svg xmlns=\"http:\/\/www.w3.org\/2000\/svg\" width=\"7\" height=\"13\" fill=\"none\">\n                        <path stroke=\"#030303\" stroke-linecap=\"round\" stroke-linejoin=\"round\" d=\"M6 1 1 6.5 6 12\" class=\"duration-300 group-hover:stroke-white transition-colors\"\/>\n                    <\/svg>\n                <\/button>\n                <svg xmlns=\"http:\/\/www.w3.org\/2000\/svg\" width=\"34\" height=\"37\" fill=\"none\" class=\"md:hidden\">\n                    <path stroke=\"#000\" stroke-linecap=\"round\" stroke-linejoin=\"round\" stroke-width=\"1.2\" d=\"M23 17.499v15.583a2.75 2.75 0 1 1-5.5 0v-13.75M17.5 20.247v3.667a2.75 2.75 0 1 1-5.5 0v-4.583M12 22.082a2.75 2.75 0 1 1-5.5 0v-2.75\"\/>\n                    <path stroke=\"#000\" stroke-linecap=\"round\" stroke-linejoin=\"round\" stroke-width=\"1.2\" d=\"M6.5 20.25a2.75 2.75 0 0 1-5.5 0V12A11 11 0 0 1 12 1h3.667-.382a11 11 0 0 1 9.189 4.95l.36.55c.571.878 2.579 4.378 6.024 10.501a2.75 2.75 0 0 1-.983 3.707 3.423 3.423 0 0 1-4.18-.513L23 17.5M33.008 31.075a24.725 24.725 0 0 1-4.51 2.616M12 34.992a24.64 24.64 0 0 1-6.756-2.955\"\/>\n                <\/svg>\n            <\/div>\n        <\/div>\n                            <\/div>\n<\/section>\n\n\n<p><\/p>\n","protected":false},"excerpt":{"rendered":"","protected":false},"author":4,"featured_media":0,"parent":0,"menu_order":4,"comment_status":"closed","ping_status":"closed","template":"","meta":{"_acf_changed":false,"footnotes":""},"class_list":["post-1582","page","type-page","status-publish","hentry"],"acf":[],"yoast_head":"<!-- This site is optimized with the Yoast SEO plugin v27.3 - https:\/\/yoast.com\/product\/yoast-seo-wordpress\/ -->\n<title>Kosmetyka - Esteticon August\u00f3w<\/title>\n<meta name=\"robots\" content=\"index, follow, max-snippet:-1, max-image-preview:large, max-video-preview:-1\" \/>\n<link rel=\"canonical\" href=\"https:\/\/esteticon.com\/augustow\/kosmetyka\/\" \/>\n<meta property=\"og:locale\" content=\"pl_PL\" \/>\n<meta property=\"og:type\" content=\"article\" \/>\n<meta property=\"og:title\" content=\"Kosmetyka - Esteticon August\u00f3w\" \/>\n<meta property=\"og:url\" content=\"https:\/\/esteticon.com\/augustow\/kosmetyka\/\" \/>\n<meta property=\"og:site_name\" content=\"Esteticon August\u00f3w\" \/>\n<meta property=\"article:modified_time\" content=\"2026-04-03T15:11:44+00:00\" \/>\n<meta property=\"og:image\" content=\"https:\/\/esteticon.com\/augustow\/wp-content\/uploads\/sites\/5\/2025\/07\/slide-2.jpg\" \/>\n\t<meta property=\"og:image:width\" content=\"1536\" \/>\n\t<meta property=\"og:image:height\" content=\"1024\" \/>\n\t<meta property=\"og:image:type\" content=\"image\/jpeg\" \/>\n<meta name=\"twitter:card\" content=\"summary_large_image\" \/>\n<meta name=\"twitter:label1\" content=\"Szacowany czas czytania\" \/>\n\t<meta name=\"twitter:data1\" content=\"1 minuta\" \/>\n<script type=\"application\/ld+json\" class=\"yoast-schema-graph\">{\"@context\":\"https:\\\/\\\/schema.org\",\"@graph\":[{\"@type\":\"WebPage\",\"@id\":\"https:\\\/\\\/esteticon.com\\\/augustow\\\/kosmetyka\\\/\",\"url\":\"https:\\\/\\\/esteticon.com\\\/augustow\\\/kosmetyka\\\/\",\"name\":\"Kosmetyka - Esteticon August\u00f3w\",\"isPartOf\":{\"@id\":\"https:\\\/\\\/esteticon.com\\\/augustow\\\/#website\"},\"primaryImageOfPage\":{\"@id\":\"https:\\\/\\\/esteticon.com\\\/augustow\\\/kosmetyka\\\/#primaryimage\"},\"image\":{\"@id\":\"https:\\\/\\\/esteticon.com\\\/augustow\\\/kosmetyka\\\/#primaryimage\"},\"thumbnailUrl\":\"https:\\\/\\\/esteticon.com\\\/augustow\\\/wp-content\\\/uploads\\\/sites\\\/5\\\/2025\\\/07\\\/slide-2.jpg\",\"datePublished\":\"2025-07-04T14:59:04+00:00\",\"dateModified\":\"2026-04-03T15:11:44+00:00\",\"breadcrumb\":{\"@id\":\"https:\\\/\\\/esteticon.com\\\/augustow\\\/kosmetyka\\\/#breadcrumb\"},\"inLanguage\":\"pl-PL\",\"potentialAction\":[{\"@type\":\"ReadAction\",\"target\":[\"https:\\\/\\\/esteticon.com\\\/augustow\\\/kosmetyka\\\/\"]}]},{\"@type\":\"ImageObject\",\"inLanguage\":\"pl-PL\",\"@id\":\"https:\\\/\\\/esteticon.com\\\/augustow\\\/kosmetyka\\\/#primaryimage\",\"url\":\"https:\\\/\\\/esteticon.com\\\/augustow\\\/wp-content\\\/uploads\\\/sites\\\/5\\\/2025\\\/07\\\/slide-2.jpg\",\"contentUrl\":\"https:\\\/\\\/esteticon.com\\\/augustow\\\/wp-content\\\/uploads\\\/sites\\\/5\\\/2025\\\/07\\\/slide-2.jpg\",\"width\":1536,\"height\":1024},{\"@type\":\"BreadcrumbList\",\"@id\":\"https:\\\/\\\/esteticon.com\\\/augustow\\\/kosmetyka\\\/#breadcrumb\",\"itemListElement\":[{\"@type\":\"ListItem\",\"position\":1,\"name\":\"Strona g\u0142\u00f3wna\",\"item\":\"https:\\\/\\\/esteticon.com\\\/augustow\\\/\"},{\"@type\":\"ListItem\",\"position\":2,\"name\":\"Kosmetyka\"}]},{\"@type\":\"WebSite\",\"@id\":\"https:\\\/\\\/esteticon.com\\\/augustow\\\/#website\",\"url\":\"https:\\\/\\\/esteticon.com\\\/augustow\\\/\",\"name\":\"Esteticon August\u00f3w\",\"description\":\"Invisalign i Medycyna Estetyczna August\u00f3w | Wybierz Esteticon\",\"publisher\":{\"@id\":\"https:\\\/\\\/esteticon.com\\\/augustow\\\/#organization\"},\"potentialAction\":[{\"@type\":\"SearchAction\",\"target\":{\"@type\":\"EntryPoint\",\"urlTemplate\":\"https:\\\/\\\/esteticon.com\\\/augustow\\\/?s={search_term_string}\"},\"query-input\":{\"@type\":\"PropertyValueSpecification\",\"valueRequired\":true,\"valueName\":\"search_term_string\"}}],\"inLanguage\":\"pl-PL\"},{\"@type\":\"Organization\",\"@id\":\"https:\\\/\\\/esteticon.com\\\/augustow\\\/#organization\",\"name\":\"Esteticon August\u00f3w\",\"url\":\"https:\\\/\\\/esteticon.com\\\/augustow\\\/\",\"logo\":{\"@type\":\"ImageObject\",\"inLanguage\":\"pl-PL\",\"@id\":\"https:\\\/\\\/esteticon.com\\\/augustow\\\/#\\\/schema\\\/logo\\\/image\\\/\",\"url\":\"https:\\\/\\\/esteticon.com\\\/augustow\\\/wp-content\\\/uploads\\\/sites\\\/5\\\/2026\\\/02\\\/esteticon_logo_bezowe.webp\",\"contentUrl\":\"https:\\\/\\\/esteticon.com\\\/augustow\\\/wp-content\\\/uploads\\\/sites\\\/5\\\/2026\\\/02\\\/esteticon_logo_bezowe.webp\",\"width\":388,\"height\":50,\"caption\":\"Esteticon August\u00f3w\"},\"image\":{\"@id\":\"https:\\\/\\\/esteticon.com\\\/augustow\\\/#\\\/schema\\\/logo\\\/image\\\/\"}}]}<\/script>\n<!-- \/ Yoast SEO plugin. -->","yoast_head_json":{"title":"Kosmetyka - Esteticon August\u00f3w","robots":{"index":"index","follow":"follow","max-snippet":"max-snippet:-1","max-image-preview":"max-image-preview:large","max-video-preview":"max-video-preview:-1"},"canonical":"https:\/\/esteticon.com\/augustow\/kosmetyka\/","og_locale":"pl_PL","og_type":"article","og_title":"Kosmetyka - Esteticon August\u00f3w","og_url":"https:\/\/esteticon.com\/augustow\/kosmetyka\/","og_site_name":"Esteticon August\u00f3w","article_modified_time":"2026-04-03T15:11:44+00:00","og_image":[{"width":1536,"height":1024,"url":"https:\/\/esteticon.com\/augustow\/wp-content\/uploads\/sites\/5\/2025\/07\/slide-2.jpg","type":"image\/jpeg"}],"twitter_card":"summary_large_image","twitter_misc":{"Szacowany czas czytania":"1 minuta"},"schema":{"@context":"https:\/\/schema.org","@graph":[{"@type":"WebPage","@id":"https:\/\/esteticon.com\/augustow\/kosmetyka\/","url":"https:\/\/esteticon.com\/augustow\/kosmetyka\/","name":"Kosmetyka - Esteticon August\u00f3w","isPartOf":{"@id":"https:\/\/esteticon.com\/augustow\/#website"},"primaryImageOfPage":{"@id":"https:\/\/esteticon.com\/augustow\/kosmetyka\/#primaryimage"},"image":{"@id":"https:\/\/esteticon.com\/augustow\/kosmetyka\/#primaryimage"},"thumbnailUrl":"https:\/\/esteticon.com\/augustow\/wp-content\/uploads\/sites\/5\/2025\/07\/slide-2.jpg","datePublished":"2025-07-04T14:59:04+00:00","dateModified":"2026-04-03T15:11:44+00:00","breadcrumb":{"@id":"https:\/\/esteticon.com\/augustow\/kosmetyka\/#breadcrumb"},"inLanguage":"pl-PL","potentialAction":[{"@type":"ReadAction","target":["https:\/\/esteticon.com\/augustow\/kosmetyka\/"]}]},{"@type":"ImageObject","inLanguage":"pl-PL","@id":"https:\/\/esteticon.com\/augustow\/kosmetyka\/#primaryimage","url":"https:\/\/esteticon.com\/augustow\/wp-content\/uploads\/sites\/5\/2025\/07\/slide-2.jpg","contentUrl":"https:\/\/esteticon.com\/augustow\/wp-content\/uploads\/sites\/5\/2025\/07\/slide-2.jpg","width":1536,"height":1024},{"@type":"BreadcrumbList","@id":"https:\/\/esteticon.com\/augustow\/kosmetyka\/#breadcrumb","itemListElement":[{"@type":"ListItem","position":1,"name":"Strona g\u0142\u00f3wna","item":"https:\/\/esteticon.com\/augustow\/"},{"@type":"ListItem","position":2,"name":"Kosmetyka"}]},{"@type":"WebSite","@id":"https:\/\/esteticon.com\/augustow\/#website","url":"https:\/\/esteticon.com\/augustow\/","name":"Esteticon August\u00f3w","description":"Invisalign i Medycyna Estetyczna August\u00f3w | Wybierz Esteticon","publisher":{"@id":"https:\/\/esteticon.com\/augustow\/#organization"},"potentialAction":[{"@type":"SearchAction","target":{"@type":"EntryPoint","urlTemplate":"https:\/\/esteticon.com\/augustow\/?s={search_term_string}"},"query-input":{"@type":"PropertyValueSpecification","valueRequired":true,"valueName":"search_term_string"}}],"inLanguage":"pl-PL"},{"@type":"Organization","@id":"https:\/\/esteticon.com\/augustow\/#organization","name":"Esteticon August\u00f3w","url":"https:\/\/esteticon.com\/augustow\/","logo":{"@type":"ImageObject","inLanguage":"pl-PL","@id":"https:\/\/esteticon.com\/augustow\/#\/schema\/logo\/image\/","url":"https:\/\/esteticon.com\/augustow\/wp-content\/uploads\/sites\/5\/2026\/02\/esteticon_logo_bezowe.webp","contentUrl":"https:\/\/esteticon.com\/augustow\/wp-content\/uploads\/sites\/5\/2026\/02\/esteticon_logo_bezowe.webp","width":388,"height":50,"caption":"Esteticon August\u00f3w"},"image":{"@id":"https:\/\/esteticon.com\/augustow\/#\/schema\/logo\/image\/"}}]}},"_links":{"self":[{"href":"https:\/\/esteticon.com\/augustow\/wp-json\/wp\/v2\/pages\/1582","targetHints":{"allow":["GET"]}}],"collection":[{"href":"https:\/\/esteticon.com\/augustow\/wp-json\/wp\/v2\/pages"}],"about":[{"href":"https:\/\/esteticon.com\/augustow\/wp-json\/wp\/v2\/types\/page"}],"author":[{"embeddable":true,"href":"https:\/\/esteticon.com\/augustow\/wp-json\/wp\/v2\/users\/4"}],"replies":[{"embeddable":true,"href":"https:\/\/esteticon.com\/augustow\/wp-json\/wp\/v2\/comments?post=1582"}],"version-history":[{"count":19,"href":"https:\/\/esteticon.com\/augustow\/wp-json\/wp\/v2\/pages\/1582\/revisions"}],"predecessor-version":[{"id":1772,"href":"https:\/\/esteticon.com\/augustow\/wp-json\/wp\/v2\/pages\/1582\/revisions\/1772"}],"wp:attachment":[{"href":"https:\/\/esteticon.com\/augustow\/wp-json\/wp\/v2\/media?parent=1582"}],"curies":[{"name":"wp","href":"https:\/\/api.w.org\/{rel}","templated":true}]}}